{"id":702,"date":"2021-01-13T17:26:55","date_gmt":"2021-01-13T17:26:55","guid":{"rendered":"https:\/\/hospitalmetropolitano.minsal.cl\/?page_id=702"},"modified":"2022-01-28T13:06:36","modified_gmt":"2022-01-28T13:06:36","slug":"mision-vision-y-valores","status":"publish","type":"page","link":"https:\/\/hospitalmetropolitano.minsal.cl\/?page_id=702","title":{"rendered":"Misi\u00f3n, Visi\u00f3n y Valores"},"content":{"rendered":"<p style=\"text-align: center;\"><\/p>\n<p style=\"text-align: justify;\"><strong><span style=\"color: #174497;\">MISI\u00d3N<\/span><\/strong><br \/>\n<span style=\"color: #174497;\">Somos un hospital de alta complejidad que contribuye de manera eficiente, oportuna y con altos est\u00e1ndares de calidad a resolver la atenci\u00f3n de pacientes de acuerdo a los requerimientos de la\u00a0 poblaci\u00f3n, en base a principios \u00e9ticos y con personal comprometido.<\/span><\/p>\n<p style=\"text-align: justify;\"><strong><span style=\"color: #174497;\">VISI\u00d3N<\/span><\/strong><br \/>\n<span style=\"color: #174497;\">Ser un hospital p\u00fablico chileno con mayor poder resolutivo, considerado como referente nacional en cuanto a la atenci\u00f3n de pacientes m\u00e9dico quir\u00fargicos, reconocido por su modelo de gesti\u00f3n innovador en el cuidado, seguridad del paciente, satisfacci\u00f3n usuaria\u00a0 y trato humanizado.<\/span><\/p>\n<p><img loading=\"lazy\" class=\"aligncenter wp-image-2325 size-full\" src=\"https:\/\/hospitalmetropolitano.minsal.cl\/wp-content\/uploads\/2022\/01\/Valores2022.jpg\" alt=\"\" width=\"1200\" height=\"800\" \/><\/p>\n","protected":false},"excerpt":{"rendered":"<p>MISI\u00d3N Somos un hospital de alta complejidad que contribuye de manera eficiente, oportuna y con altos est\u00e1ndares de calidad a resolver la atenci\u00f3n de pacientes de acuerdo a los requerimientos de la\u00a0 poblaci\u00f3n, en base a principios \u00e9ticos y con personal comprometido. VISI\u00d3N Ser un hospital p\u00fablico chileno con mayor poder resolutivo, considerado como referente [&hellip;]<\/p>\n","protected":false},"author":5,"featured_media":0,"parent":0,"menu_order":0,"comment_status":"closed","ping_status":"closed","template":"","meta":[],"_links":{"self":[{"href":"https:\/\/hospitalmetropolitano.minsal.cl\/index.php?rest_route=\/wp\/v2\/pages\/702"}],"collection":[{"href":"https:\/\/hospitalmetropolitano.minsal.cl\/index.php?rest_route=\/wp\/v2\/pages"}],"about":[{"href":"https:\/\/hospitalmetropolitano.minsal.cl\/index.php?rest_route=\/wp\/v2\/types\/page"}],"author":[{"embeddable":true,"href":"https:\/\/hospitalmetropolitano.minsal.cl\/index.php?rest_route=\/wp\/v2\/users\/5"}],"replies":[{"embeddable":true,"href":"https:\/\/hospitalmetropolitano.minsal.cl\/index.php?rest_route=%2Fwp%2Fv2%2Fcomments&post=702"}],"version-history":[{"count":1,"href":"https:\/\/hospitalmetropolitano.minsal.cl\/index.php?rest_route=\/wp\/v2\/pages\/702\/revisions"}],"predecessor-version":[{"id":703,"href":"https:\/\/hospitalmetropolitano.minsal.cl\/index.php?rest_route=\/wp\/v2\/pages\/702\/revisions\/703"}],"wp:attachment":[{"href":"https:\/\/hospitalmetropolitano.minsal.cl\/index.php?rest_route=%2Fwp%2Fv2%2Fmedia&parent=702"}],"curies":[{"name":"wp","href":"https:\/\/api.w.org\/{rel}","templated":true}]}}